{"id":93,"date":"2025-09-03T18:04:28","date_gmt":"2025-09-03T18:04:28","guid":{"rendered":"https:\/\/023studio.cl\/index.php\/projects\/"},"modified":"2025-09-10T12:15:02","modified_gmt":"2025-09-10T12:15:02","slug":"projects","status":"publish","type":"page","link":"https:\/\/023studio.cl\/index.php\/projects\/","title":{"rendered":"Projects"},"content":{"rendered":"\t\t<div data-elementor-type=\"wp-page\" data-elementor-id=\"93\" class=\"elementor elementor-93\">\n\t\t\t\t<div class=\"elementor-element elementor-element-5b7ffeb5 e-flex e-con-boxed elementor-invisible e-con e-parent\" data-id=\"5b7ffeb5\" data-element_type=\"container\" data-e-type=\"container\" id=\"octray\" data-settings=\"{&quot;animation&quot;:&quot;fadeIn&quot;}\">\n\t\t\t\t\t<div class=\"e-con-inner\">\n\t\t\t\t<div class=\"elementor-element elementor-element-1e8d565f elementor-widget elementor-widget-zigzag\" data-id=\"1e8d565f\" data-element_type=\"widget\" data-e-type=\"widget\" data-settings=\"{&quot;image_shape&quot;:&quot;rounded&quot;}\" data-widget_type=\"zigzag.default\">\n\t\t\t\t<div class=\"elementor-widget-container\">\n\t\t\t\t\t\t\t<div class=\"ehp-zigzag has-direction-start\">\n\t\t\t\t\t\t\t<div class=\"ehp-zigzag__item-wrapper\">\n\t\t\t\t\t<div class=\"ehp-zigzag__item-container\">\n\t\t\t\t\t\t\t\t<div class=\"ehp-zigzag__graphic-element-container has-image\">\n\t\t\t\t\t\t<div class=\"ehp-image ehp-zigzag__image-container\">\n\t\t\t\t<img decoding=\"async\" class=\"ehp-image__img ehp-zigzag__img has-shape-rounded shape-type-image\" src=\"https:\/\/023studio.cl\/wp-content\/uploads\/2025\/09\/projects-image.webp\" title=\"projects-image.webp\" alt=\"projects-image.webp\" loading=\"lazy\" \/>\t\t\t<\/div>\n\t\t\t\t\t<\/div>\n\t\t\t\t<div class=\"ehp-zigzag__text-container is-graphic-image\">\n\t\t\t<h3 class=\"ehp-zigzag__title\">Historias con Huellas<\/h3><p class=\"ehp-zigzag__description\">Cada proyecto en nuestro portafolio es una colaboraci\u00f3n creativa, un testimonio de c\u00f3mo transformamos ideas en narrativas visuales din\u00e1micas. Aqu\u00ed encontrar\u00e1s historias que no solo cumplieron objetivos de marca, sino que tambi\u00e9n conectaron con audiencias y dejaron una marca indeleble en el mundo digital. <\/p>\t\t<\/div>\n\t\t\t\t\t\t\t<\/div>\n\t\t\t\t<\/div>\n\t\t\t\t\t\t\t\t<div class=\"ehp-zigzag__item-wrapper\">\n\t\t\t\t\t<div class=\"ehp-zigzag__item-container\">\n\t\t\t\t\t\t\t\t<div class=\"ehp-zigzag__graphic-element-container has-image\">\n\t\t\t\t\t\t<div class=\"ehp-image ehp-zigzag__image-container ehp-image ehp-zigzag__image-container\">\n\t\t\t\t<img decoding=\"async\" class=\"ehp-image__img ehp-zigzag__img has-shape-rounded shape-type-image\" src=\"https:\/\/023studio.cl\/wp-content\/uploads\/2025\/09\/DSCF1531-scaled.jpg\" title=\"DSCF1531\" alt=\"DSCF1531\" loading=\"lazy\" \/>\t\t\t<\/div>\n\t\t\t\t\t<\/div>\n\t\t\t\t<div class=\"ehp-zigzag__text-container is-graphic-image\">\n\t\t\t<h3 class=\"ehp-zigzag__title\">Una nueva Historia . . . <\/h3><p class=\"ehp-zigzag__description\">Despu\u00e9s de un cambio radical, San Marino's se enfrent\u00f3 al desaf\u00edo de no solo reubicarse, sino de reafirmar su esencia. A trav\u00e9s de nuestra maestr\u00eda estrat\u00e9gica y una nueva narrativa visual, transformamos la incertidumbre en una oportunidad. Nos enfocamos en el alma del restaurante: su gente, su pasi\u00f3n y la historia que los hizo un lugar inolvidable. El resultado es un relanzamiento que no solo celebra una nueva etapa, sino que forja un legado digital m\u00e1s fuerte que nunca. <\/p>\t\t<\/div>\n\t\t\t\t\t\t\t<\/div>\n\t\t\t\t<\/div>\n\t\t\t\t\t\t\t<\/div>\n\t\t\t\t\t\t<\/div>\n\t\t\t\t<\/div>\n\t\t<div class=\"elementor-element elementor-element-2589e57d e-con-full e-flex e-con e-child\" data-id=\"2589e57d\" data-element_type=\"container\" data-e-type=\"container\" data-settings=\"{&quot;background_background&quot;:&quot;classic&quot;}\">\n\t\t\t\t<div class=\"elementor-element elementor-element-1317dc5a elementor-widget elementor-widget-counter\" data-id=\"1317dc5a\" data-element_type=\"widget\" data-e-type=\"widget\" data-widget_type=\"counter.default\">\n\t\t\t\t\t\t\t<div class=\"elementor-counter\">\n\t\t\t<div class=\"elementor-counter-title\">Convertion Rate Increase<\/div>\t\t\t<div class=\"elementor-counter-number-wrapper\">\n\t\t\t\t<span class=\"elementor-counter-number-prefix\"><\/span>\n\t\t\t\t<span class=\"elementor-counter-number\" data-duration=\"807\" data-to-value=\"75\" data-from-value=\"0\" data-delimiter=\",\">0<\/span>\n\t\t\t\t<span class=\"elementor-counter-number-suffix\">%<\/span>\n\t\t\t<\/div>\n\t\t<\/div>\n\t\t\t\t\t\t<\/div>\n\t\t\t\t<\/div>\n\t\t<div class=\"elementor-element elementor-element-7ee48548 e-con-full e-flex e-con e-child\" data-id=\"7ee48548\" data-element_type=\"container\" data-e-type=\"container\" data-settings=\"{&quot;background_background&quot;:&quot;classic&quot;}\">\n\t\t\t\t<div class=\"elementor-element elementor-element-65406a4c elementor-widget elementor-widget-counter\" data-id=\"65406a4c\" data-element_type=\"widget\" data-e-type=\"widget\" data-widget_type=\"counter.default\">\n\t\t\t\t\t\t\t<div class=\"elementor-counter\">\n\t\t\t<div class=\"elementor-counter-title\">Satisfacci\u00f3n del Cliente<\/div>\t\t\t<div class=\"elementor-counter-number-wrapper\">\n\t\t\t\t<span class=\"elementor-counter-number-prefix\"><\/span>\n\t\t\t\t<span class=\"elementor-counter-number\" data-duration=\"807\" data-to-value=\"100\" data-from-value=\"0\" data-delimiter=\",\">0<\/span>\n\t\t\t\t<span class=\"elementor-counter-number-suffix\">%<\/span>\n\t\t\t<\/div>\n\t\t<\/div>\n\t\t\t\t\t\t<\/div>\n\t\t\t\t<\/div>\n\t\t<div class=\"elementor-element elementor-element-56d2f935 e-con-full e-flex e-con e-child\" data-id=\"56d2f935\" data-element_type=\"container\" data-e-type=\"container\">\n\t\t\t\t<div class=\"elementor-element elementor-element-329dbb81 elementor-widget elementor-widget-text-editor\" data-id=\"329dbb81\" data-element_type=\"widget\" data-e-type=\"widget\" data-widget_type=\"text-editor.default\">\n\t\t\t\t\t\t\t\t\t<p><span class=\"\">A trav\u00e9s de una campa\u00f1a creativa con un enfoque en la narrativa, logramos que San Marino&#8217;s potenciara su posici\u00f3n en la nueva ubicaci\u00f3n. El impacto emocional de la campa\u00f1a se tradujo en un <b>crecimiento tangible en ventas y una comunidad de clientes que se sienten parte de una nueva historia.\u00a0<\/b><\/span><\/p>\t\t\t\t\t\t\t\t<\/div>\n\t\t\t\t<\/div>\n\t\t\t\t\t<\/div>\n\t\t\t\t<\/div>\n\t\t<div class=\"elementor-element elementor-element-2e053ef7 e-flex e-con-boxed elementor-invisible e-con e-parent\" data-id=\"2e053ef7\" data-element_type=\"container\" data-e-type=\"container\" id=\"mercle\" data-settings=\"{&quot;background_background&quot;:&quot;classic&quot;,&quot;animation&quot;:&quot;fadeIn&quot;}\">\n\t\t\t\t\t<div class=\"e-con-inner\">\n\t\t\t\t<div class=\"elementor-element elementor-element-66bd9743 elementor-widget elementor-widget-zigzag\" data-id=\"66bd9743\" data-element_type=\"widget\" data-e-type=\"widget\" data-settings=\"{&quot;image_shape&quot;:&quot;rounded&quot;}\" data-widget_type=\"zigzag.default\">\n\t\t\t\t<div class=\"elementor-widget-container\">\n\t\t\t\t\t\t\t<div class=\"ehp-zigzag has-direction-start has-image-stretch\">\n\t\t\t\t\t\t\t<div class=\"ehp-zigzag__item-wrapper\">\n\t\t\t\t\t<div class=\"ehp-zigzag__item-container\">\n\t\t\t\t\t\t\t\t<div class=\"ehp-zigzag__graphic-element-container has-image\">\n\t\t\t\t\t\t<div class=\"ehp-image ehp-zigzag__image-container\">\n\t\t\t\t<img decoding=\"async\" class=\"ehp-image__img ehp-zigzag__img has-shape-rounded shape-type-image\" src=\"https:\/\/023studio.cl\/wp-content\/uploads\/2025\/09\/Pick-e1757430171931.png\" title=\"Pick\" alt=\"Pick\" loading=\"lazy\" \/>\t\t\t<\/div>\n\t\t\t\t\t<\/div>\n\t\t\t\t<div class=\"ehp-zigzag__text-container is-graphic-image\">\n\t\t\t<h3 class=\"ehp-zigzag__title\">Un Universo de Aventura y Dise\u00f1o.<\/h3><p class=\"ehp-zigzag__description\">Cuando Or\u00fcga Kids nos present\u00f3 el desaf\u00edo, entendimos que el trabajo iba m\u00e1s all\u00e1 de crear videos. Nos sumergimos en un estudio de mercado exhaustivo para analizar a la competencia internacional y definir una estrategia de narrativa visual que resonara en su audiencia. Cada uno de los videos entregados fue el resultado final de un proceso de direcci\u00f3n creativa meticuloso que buscaba forjar una conexi\u00f3n emocional, elevando un producto a la categor\u00eda de pieza de arte y prop\u00f3sito.<\/p>\t\t<\/div>\n\t\t\t\t\t\t\t<\/div>\n\t\t\t\t<\/div>\n\t\t\t\t\t\t\t<\/div>\n\t\t\t\t\t\t<\/div>\n\t\t\t\t<\/div>\n\t\t<div class=\"elementor-element elementor-element-79f4457b e-con-full e-flex e-con e-child\" data-id=\"79f4457b\" data-element_type=\"container\" data-e-type=\"container\">\n\t\t\t\t<div class=\"elementor-element elementor-element-289e21ba elementor-widget elementor-widget-text-editor\" data-id=\"289e21ba\" data-element_type=\"widget\" data-e-type=\"widget\" data-widget_type=\"text-editor.default\">\n\t\t\t\t\t\t\t\t\t<p><span class=\"\">El valor de nuestro contenido aport\u00f3 y demostr\u00f3 ser un factor clave en el embudo de conversi\u00f3n y generaci\u00f3n de ventas.<\/span><\/p>\t\t\t\t\t\t\t\t<\/div>\n\t\t\t\t<\/div>\n\t\t<div class=\"elementor-element elementor-element-159c2871 e-con-full e-flex e-con e-child\" data-id=\"159c2871\" data-element_type=\"container\" data-e-type=\"container\" data-settings=\"{&quot;background_background&quot;:&quot;classic&quot;}\">\n\t\t\t\t<div class=\"elementor-element elementor-element-d0b94b6 elementor-widget elementor-widget-counter\" data-id=\"d0b94b6\" data-element_type=\"widget\" data-e-type=\"widget\" data-widget_type=\"counter.default\">\n\t\t\t\t\t\t\t<div class=\"elementor-counter\">\n\t\t\t<div class=\"elementor-counter-title\">Servicios Utilizados<\/div>\t\t\t<div class=\"elementor-counter-number-wrapper\">\n\t\t\t\t<span class=\"elementor-counter-number-prefix\">x<\/span>\n\t\t\t\t<span class=\"elementor-counter-number\" data-duration=\"807\" data-to-value=\"4\" data-from-value=\"0\" data-delimiter=\",\">0<\/span>\n\t\t\t\t<span class=\"elementor-counter-number-suffix\"><\/span>\n\t\t\t<\/div>\n\t\t<\/div>\n\t\t\t\t\t\t<\/div>\n\t\t\t\t<\/div>\n\t\t<div class=\"elementor-element elementor-element-2984c346 e-con-full e-flex e-con e-child\" data-id=\"2984c346\" data-element_type=\"container\" data-e-type=\"container\" data-settings=\"{&quot;background_background&quot;:&quot;classic&quot;}\">\n\t\t\t\t<div class=\"elementor-element elementor-element-45c1776e elementor-widget elementor-widget-counter\" data-id=\"45c1776e\" data-element_type=\"widget\" data-e-type=\"widget\" data-widget_type=\"counter.default\">\n\t\t\t\t\t\t\t<div class=\"elementor-counter\">\n\t\t\t<div class=\"elementor-counter-title\">Satisfacci\u00f3n del Cliente<\/div>\t\t\t<div class=\"elementor-counter-number-wrapper\">\n\t\t\t\t<span class=\"elementor-counter-number-prefix\"><\/span>\n\t\t\t\t<span class=\"elementor-counter-number\" data-duration=\"807\" data-to-value=\"100\" data-from-value=\"0\" data-delimiter=\",\">0<\/span>\n\t\t\t\t<span class=\"elementor-counter-number-suffix\">%<\/span>\n\t\t\t<\/div>\n\t\t<\/div>\n\t\t\t\t\t\t<\/div>\n\t\t\t\t<\/div>\n\t\t\t\t\t<\/div>\n\t\t\t\t<\/div>\n\t\t<div class=\"elementor-element elementor-element-7a68628f e-flex e-con-boxed elementor-invisible e-con e-parent\" data-id=\"7a68628f\" data-element_type=\"container\" data-e-type=\"container\" id=\"upware\" data-settings=\"{&quot;animation&quot;:&quot;fadeIn&quot;}\">\n\t\t\t\t\t<div class=\"e-con-inner\">\n\t\t\t\t<div class=\"elementor-element elementor-element-30302647 elementor-widget elementor-widget-zigzag\" data-id=\"30302647\" data-element_type=\"widget\" data-e-type=\"widget\" data-settings=\"{&quot;image_shape&quot;:&quot;sharp&quot;}\" data-widget_type=\"zigzag.default\">\n\t\t\t\t<div class=\"elementor-widget-container\">\n\t\t\t\t\t\t\t<div class=\"ehp-zigzag has-direction-end\">\n\t\t\t\t\t\t\t<div class=\"ehp-zigzag__item-wrapper\">\n\t\t\t\t\t<div class=\"ehp-zigzag__item-container\">\n\t\t\t\t\t\t\t\t<div class=\"ehp-zigzag__graphic-element-container has-image\">\n\t\t\t\t\t\t<div class=\"ehp-image ehp-zigzag__image-container\">\n\t\t\t\t<img decoding=\"async\" class=\"ehp-image__img ehp-zigzag__img has-shape-sharp shape-type-image\" src=\"https:\/\/023studio.cl\/wp-content\/uploads\/2025\/09\/Captura-de-pantalla-2025-09-09-a-las-2.56.08-p.m-1-scaled.png\" title=\"Captura de pantalla 2025-09-09 a la(s) 2.56.08\u202fp.m.\" alt=\"Captura de pantalla 2025-09-09 a la(s) 2.56.08\u202fp.m.\" loading=\"lazy\" \/>\t\t\t<\/div>\n\t\t\t\t\t<\/div>\n\t\t\t\t<div class=\"ehp-zigzag__text-container is-graphic-image\">\n\t\t\t<h3 class=\"ehp-zigzag__title\">Creando Marca con Proposito.<\/h3><p class=\"ehp-zigzag__description\">Fuimos pieza clave en la creaci\u00f3n de la marca. Nos sumergimos en la estrategia y la direcci\u00f3n creativa para construir su universo digital, desde la identidad visual y las piezas gr\u00e1ficas, hasta la gesti\u00f3n de sus redes y la automatizaci\u00f3n inteligente. Hoy, lavados+ es una empresa operativa, un testimonio de c\u00f3mo una idea puede cobrar vida y posicionarse con una narrativa visual s\u00f3lida.<\/p>\t\t<\/div>\n\t\t\t\t\t\t\t<\/div>\n\t\t\t\t<\/div>\n\t\t\t\t\t\t\t<\/div>\n\t\t\t\t\t\t<\/div>\n\t\t\t\t<\/div>\n\t\t<div class=\"elementor-element elementor-element-375a7ee9 e-con-full e-flex e-con e-child\" data-id=\"375a7ee9\" data-element_type=\"container\" data-e-type=\"container\" data-settings=\"{&quot;background_background&quot;:&quot;classic&quot;}\">\n\t\t\t\t<div class=\"elementor-element elementor-element-37668289 elementor-widget elementor-widget-counter\" data-id=\"37668289\" data-element_type=\"widget\" data-e-type=\"widget\" data-widget_type=\"counter.default\">\n\t\t\t\t\t\t\t<div class=\"elementor-counter\">\n\t\t\t<div class=\"elementor-counter-title\">Identidad Digital Solida<\/div>\t\t\t<div class=\"elementor-counter-number-wrapper\">\n\t\t\t\t<span class=\"elementor-counter-number-prefix\"><\/span>\n\t\t\t\t<span class=\"elementor-counter-number\" data-duration=\"807\" data-to-value=\"100\" data-from-value=\"0\" data-delimiter=\",\">0<\/span>\n\t\t\t\t<span class=\"elementor-counter-number-suffix\">%<\/span>\n\t\t\t<\/div>\n\t\t<\/div>\n\t\t\t\t\t\t<\/div>\n\t\t\t\t<\/div>\n\t\t<div class=\"elementor-element elementor-element-1554dd7f e-con-full e-flex e-con e-child\" data-id=\"1554dd7f\" data-element_type=\"container\" data-e-type=\"container\" data-settings=\"{&quot;background_background&quot;:&quot;classic&quot;}\">\n\t\t\t\t<div class=\"elementor-element elementor-element-3af68b6c elementor-widget elementor-widget-counter\" data-id=\"3af68b6c\" data-element_type=\"widget\" data-e-type=\"widget\" data-widget_type=\"counter.default\">\n\t\t\t\t\t\t\t<div class=\"elementor-counter\">\n\t\t\t<div class=\"elementor-counter-title\">Proceso Integrado<\/div>\t\t\t<div class=\"elementor-counter-number-wrapper\">\n\t\t\t\t<span class=\"elementor-counter-number-prefix\">x<\/span>\n\t\t\t\t<span class=\"elementor-counter-number\" data-duration=\"807\" data-to-value=\"8\" data-from-value=\"0\" data-delimiter=\",\">0<\/span>\n\t\t\t\t<span class=\"elementor-counter-number-suffix\"><\/span>\n\t\t\t<\/div>\n\t\t<\/div>\n\t\t\t\t\t\t<\/div>\n\t\t\t\t<\/div>\n\t\t<div class=\"elementor-element elementor-element-262bae7 e-con-full e-flex e-con e-child\" data-id=\"262bae7\" data-element_type=\"container\" data-e-type=\"container\">\n\t\t\t\t<div class=\"elementor-element elementor-element-7de5182b elementor-widget elementor-widget-text-editor\" data-id=\"7de5182b\" data-element_type=\"widget\" data-e-type=\"widget\" data-widget_type=\"text-editor.default\">\n\t\t\t\t\t\t\t\t\t<p>Al combinar un dise\u00f1o excepcional con una estrategia s\u00f3lida y el uso de tecnolog\u00edas vanguardistas, logramos que Lavados+ no solo naciera, sino que lo hiciera como un competidor relevante.\u00a0<\/p>\t\t\t\t\t\t\t\t<\/div>\n\t\t\t\t<\/div>\n\t\t\t\t\t<\/div>\n\t\t\t\t<\/div>\n\t\t<div class=\"elementor-element elementor-element-79bb1fc8 e-flex e-con-boxed elementor-invisible e-con e-parent\" data-id=\"79bb1fc8\" data-element_type=\"container\" data-e-type=\"container\" data-settings=\"{&quot;background_background&quot;:&quot;classic&quot;,&quot;animation&quot;:&quot;fadeIn&quot;}\">\n\t\t\t\t\t<div class=\"e-con-inner\">\n\t\t<div class=\"elementor-element elementor-element-5f397a61 e-con-full e-flex e-con e-child\" data-id=\"5f397a61\" data-element_type=\"container\" data-e-type=\"container\">\n\t\t\t\t<div class=\"elementor-element elementor-element-11433d3f elementor-widget elementor-widget-cta\" data-id=\"11433d3f\" data-element_type=\"widget\" data-e-type=\"widget\" data-settings=\"{&quot;secondary_button_shape&quot;:&quot;round&quot;,&quot;layout_preset&quot;:&quot;focus&quot;,&quot;cta_vertical_position&quot;:&quot;start&quot;,&quot;primary_button_shape&quot;:&quot;default&quot;,&quot;box_shape&quot;:&quot;sharp&quot;}\" data-widget_type=\"cta.default\">\n\t\t\t\t<div class=\"elementor-widget-container\">\n\t\t\t\t\t\t\t<div class=\"has-shape-sharp shape-type-box ehp-cta has-preset-focus\">\n\t\t\t<div class=\"ehp-cta__overlay\"><\/div>\n\t\t\t<div class=\"ehp-cta__elements-container\">\n\t\t\t\t\t\t<div class=\"ehp-cta__text-container\">\n\t\t\t<h2 class=\"ehp-cta__heading\">\u00bfListo para comenzar a Crear?<\/h2>\t\t<\/div>\n\t\t\t\t\t<div class=\"ehp-cta__ctas-container\">\n\t\t\t\t<div class=\"ehp-cta__buttons-wrapper\">\n\t\t\t\t\t\t\t\t\t\t\t\t<a class=\"has-shape-round shape-type-button ehp-button ehp-button--secondary ehp-cta__button ehp-cta__button--secondary is-type-button elementor-animation-shrink has-border\" href=\"https:\/\/calendly.com\/023studio-cl\/reunion-inicial\">\n\t\t\t\t\t<span class=\"ehp-button__text ehp-cta__button-text ehp-cta__button-text--secondary\">\n\t\t\t\u00a1Convercemos!\t\t\t\t<\/a>\n\t\t\t\t\t\t<\/div>\n\t\t\t<\/div>\n\t\t\t\t\t<\/div>\n\t\t<\/div>\n\t\t\t\t\t\t<\/div>\n\t\t\t\t<\/div>\n\t\t\t\t<\/div>\n\t\t<div class=\"elementor-element elementor-element-60462f2f e-con-full e-flex e-con e-child\" data-id=\"60462f2f\" data-element_type=\"container\" data-e-type=\"container\">\n\t\t\t\t<div class=\"elementor-element elementor-element-3d4aa27b elementor-widget elementor-widget-image\" data-id=\"3d4aa27b\" data-element_type=\"widget\" data-e-type=\"widget\" data-widget_type=\"image.default\">\n\t\t\t\t\t\t\t\t\t\t\t\t\t\t\t<img fetchpriority=\"high\" decoding=\"async\" width=\"800\" height=\"691\" src=\"https:\/\/023studio.cl\/wp-content\/uploads\/2025\/09\/contact-CTA-1024x884.webp\" class=\"attachment-large size-large wp-image-98\" alt=\"\" srcset=\"https:\/\/023studio.cl\/wp-content\/uploads\/2025\/09\/contact-CTA-1024x884.webp 1024w, https:\/\/023studio.cl\/wp-content\/uploads\/2025\/09\/contact-CTA-300x259.webp 300w, https:\/\/023studio.cl\/wp-content\/uploads\/2025\/09\/contact-CTA-768x663.webp 768w, https:\/\/023studio.cl\/wp-content\/uploads\/2025\/09\/contact-CTA-1536x1326.webp 1536w, https:\/\/023studio.cl\/wp-content\/uploads\/2025\/09\/contact-CTA.webp 1965w\" sizes=\"(max-width: 800px) 100vw, 800px\" \/>\t\t\t\t\t\t\t\t\t\t\t\t\t\t\t<\/div>\n\t\t\t\t<\/div>\n\t\t\t\t\t<\/div>\n\t\t\t\t<\/div>\n\t\t\t\t<\/div>\n\t\t","protected":false},"excerpt":{"rendered":"<p>Historias con Huellas Cada proyecto en nuestro portafolio es una colaboraci\u00f3n creativa, un testimonio de c\u00f3mo transformamos ideas en narrativas visuales din\u00e1micas. Aqu\u00ed encontrar\u00e1s historias que no solo cumplieron objetivos de marca, sino que tambi\u00e9n conectaron con audiencias y dejaron una marca indeleble en el mundo digital. Una nueva Historia . . . Despu\u00e9s de [&hellip;]<\/p>\n","protected":false},"author":1,"featured_media":0,"parent":0,"menu_order":0,"comment_status":"closed","ping_status":"closed","template":"elementor_header_footer","meta":{"footnotes":""},"class_list":["post-93","page","type-page","status-publish","hentry"],"_links":{"self":[{"href":"https:\/\/023studio.cl\/index.php\/wp-json\/wp\/v2\/pages\/93","targetHints":{"allow":["GET"]}}],"collection":[{"href":"https:\/\/023studio.cl\/index.php\/wp-json\/wp\/v2\/pages"}],"about":[{"href":"https:\/\/023studio.cl\/index.php\/wp-json\/wp\/v2\/types\/page"}],"author":[{"embeddable":true,"href":"https:\/\/023studio.cl\/index.php\/wp-json\/wp\/v2\/users\/1"}],"replies":[{"embeddable":true,"href":"https:\/\/023studio.cl\/index.php\/wp-json\/wp\/v2\/comments?post=93"}],"version-history":[{"count":13,"href":"https:\/\/023studio.cl\/index.php\/wp-json\/wp\/v2\/pages\/93\/revisions"}],"predecessor-version":[{"id":304,"href":"https:\/\/023studio.cl\/index.php\/wp-json\/wp\/v2\/pages\/93\/revisions\/304"}],"wp:attachment":[{"href":"https:\/\/023studio.cl\/index.php\/wp-json\/wp\/v2\/media?parent=93"}],"curies":[{"name":"wp","href":"https:\/\/api.w.org\/{rel}","templated":true}]}}