{"id":102,"date":"2025-09-03T18:04:31","date_gmt":"2025-09-03T18:04:31","guid":{"rendered":"https:\/\/023studio.cl\/index.php\/about-us\/"},"modified":"2026-03-06T15:39:00","modified_gmt":"2026-03-06T15:39:00","slug":"about-us","status":"publish","type":"page","link":"https:\/\/023studio.cl\/index.php\/about-us\/","title":{"rendered":"About Us"},"content":{"rendered":"\t\t<div data-elementor-type=\"wp-page\" data-elementor-id=\"102\" class=\"elementor elementor-102\">\n\t\t\t\t<div class=\"elementor-element elementor-element-4e2d6cc2 e-flex e-con-boxed elementor-invisible e-con e-parent\" data-id=\"4e2d6cc2\" data-element_type=\"container\" data-e-type=\"container\" data-settings=\"{&quot;animation&quot;:&quot;fadeIn&quot;}\">\n\t\t\t\t\t<div class=\"e-con-inner\">\n\t\t\t\t<div class=\"elementor-element elementor-element-38b0c2f7 elementor-widget elementor-widget-flex-hero\" data-id=\"38b0c2f7\" data-element_type=\"widget\" data-e-type=\"widget\" data-settings=\"{&quot;image_shape&quot;:&quot;rounded&quot;,&quot;layout_image_position_tablet&quot;:&quot;end&quot;,&quot;layout_preset&quot;:&quot;showcase&quot;,&quot;layout_column_structure&quot;:&quot;50-50&quot;,&quot;layout_image_position&quot;:&quot;end&quot;,&quot;primary_button_shape&quot;:&quot;default&quot;,&quot;box_shape&quot;:&quot;sharp&quot;}\" data-widget_type=\"flex-hero.default\">\n\t\t\t\t<div class=\"elementor-widget-container\">\n\t\t\t\t\t\t\t<div class=\"has-shape-sharp shape-type-box has-column-structure-50-50  ehp-flex-hero has-layout-preset-showcase has-image-position-end has-image-position-md-end\">\n\t\t\t\t\t\t<div class=\"ehp-flex-hero__overlay\"><\/div>\n\t\t\t<div class=\"ehp-flex-hero__content-container\">\n\t\t\t\t<h3 class=\"ehp-flex-hero__heading\">Nuestra Esencia . . .<\/h3><h3 class=\"ehp-flex-hero__subheading\">Somos un estudio creativo independiente donde la maestr\u00eda estrat\u00e9gica se fusiona con la experimentaci\u00f3n art\u00edstica. Un colectivo de visionarios que opera en la intersecci\u00f3n del arte y la tecnolog\u00eda para forjar conexiones humanas inolvidables. <\/h3>\t\t\t<div class=\"ehp-flex-hero__ctas-container\">\n\t\t\t\t\t\t\t\t\t\t\t<\/div>\n\t\t\t\t\t<\/div>\n\t\t\t\t<div class=\"ehp-flex-hero__image-wrapper\">\n\t\t\t\t\t<div class=\"ehp-image ehp-flex-hero__image-container\">\n\t\t\t\t<img decoding=\"async\" class=\"ehp-image__img ehp-flex-hero__img has-shape-rounded shape-type-image\" src=\"https:\/\/023studio.cl\/wp-content\/uploads\/2025\/09\/About-Us-Robotics.webp\" title=\"About-Us-Robotics.webp\" alt=\"About-Us-Robotics.webp\" loading=\"lazy\" \/>\t\t\t<\/div>\n\t\t\t\t\t<\/div>\n\t\t\t\t<\/div>\n\t\t\t\t\t\t<\/div>\n\t\t\t\t<\/div>\n\t\t\t\t\t<\/div>\n\t\t\t\t<\/div>\n\t\t<div class=\"elementor-element elementor-element-23caa001 e-flex e-con-boxed elementor-invisible e-con e-parent\" data-id=\"23caa001\" data-element_type=\"container\" data-e-type=\"container\" data-settings=\"{&quot;animation&quot;:&quot;fadeIn&quot;}\">\n\t\t\t\t\t<div class=\"e-con-inner\">\n\t\t<div class=\"elementor-element elementor-element-5ee39a3f e-con-full e-flex e-con e-child\" data-id=\"5ee39a3f\" data-element_type=\"container\" data-e-type=\"container\" data-settings=\"{&quot;background_background&quot;:&quot;classic&quot;}\">\n\t\t\t\t<div class=\"elementor-element elementor-element-73aa9ccd elementor-widget elementor-widget-counter\" data-id=\"73aa9ccd\" data-element_type=\"widget\" data-e-type=\"widget\" data-widget_type=\"counter.default\">\n\t\t\t\t\t\t\t<div class=\"elementor-counter\">\n\t\t\t<div class=\"elementor-counter-title\">Proyectos Realizados<\/div>\t\t\t<div class=\"elementor-counter-number-wrapper\">\n\t\t\t\t<span class=\"elementor-counter-number-prefix\">x<\/span>\n\t\t\t\t<span class=\"elementor-counter-number\" data-duration=\"807\" data-to-value=\"60\" data-from-value=\"0\" data-delimiter=\",\">0<\/span>\n\t\t\t\t<span class=\"elementor-counter-number-suffix\"><\/span>\n\t\t\t<\/div>\n\t\t<\/div>\n\t\t\t\t\t\t<\/div>\n\t\t\t\t<\/div>\n\t\t<div class=\"elementor-element elementor-element-d0a55ce e-con-full e-flex e-con e-child\" data-id=\"d0a55ce\" data-element_type=\"container\" data-e-type=\"container\">\n\t\t\t\t<div class=\"elementor-element elementor-element-46ac795d elementor-widget elementor-widget-image\" data-id=\"46ac795d\" data-element_type=\"widget\" data-e-type=\"widget\" data-widget_type=\"image.default\">\n\t\t\t\t\t\t\t\t\t\t\t\t\t\t\t<img fetchpriority=\"high\" decoding=\"async\" width=\"800\" height=\"535\" src=\"https:\/\/023studio.cl\/wp-content\/uploads\/2025\/09\/About-Image-1024x685.webp\" class=\"attachment-large size-large wp-image-106\" alt=\"\" srcset=\"https:\/\/023studio.cl\/wp-content\/uploads\/2025\/09\/About-Image-1024x685.webp 1024w, https:\/\/023studio.cl\/wp-content\/uploads\/2025\/09\/About-Image-300x201.webp 300w, https:\/\/023studio.cl\/wp-content\/uploads\/2025\/09\/About-Image-768x514.webp 768w, https:\/\/023studio.cl\/wp-content\/uploads\/2025\/09\/About-Image.webp 1200w\" sizes=\"(max-width: 800px) 100vw, 800px\" \/>\t\t\t\t\t\t\t\t\t\t\t\t\t\t\t<\/div>\n\t\t\t\t<\/div>\n\t\t<div class=\"elementor-element elementor-element-1d765709 e-con-full e-flex e-con e-child\" data-id=\"1d765709\" data-element_type=\"container\" data-e-type=\"container\">\n\t\t\t\t<div class=\"elementor-element elementor-element-39ade322 elementor-widget elementor-widget-heading\" data-id=\"39ade322\" data-element_type=\"widget\" data-e-type=\"widget\" data-widget_type=\"heading.default\">\n\t\t\t\t\t<h2 class=\"elementor-heading-title elementor-size-default\">Misi\u00f3n<\/h2>\t\t\t\t<\/div>\n\t\t\t\t<div class=\"elementor-element elementor-element-7cf764ef elementor-widget elementor-widget-text-editor\" data-id=\"7cf764ef\" data-element_type=\"widget\" data-e-type=\"widget\" data-widget_type=\"text-editor.default\">\n\t\t\t\t\t\t\t\t\t<p>Solucionar desaf\u00edos creativos, generando contenido de vanguardia para canales digitales que eleve la imagen y los objetivos de marcas, profesionales y empresas, forjando conexiones m\u00e1s all\u00e1 de la pantalla.<\/p>\t\t\t\t\t\t\t\t<\/div>\n\t\t\t\t<\/div>\n\t\t<div class=\"elementor-element elementor-element-1d1acab3 e-con-full e-flex e-con e-child\" data-id=\"1d1acab3\" data-element_type=\"container\" data-e-type=\"container\">\n\t\t\t\t<div class=\"elementor-element elementor-element-320d8f5a elementor-widget elementor-widget-image\" data-id=\"320d8f5a\" data-element_type=\"widget\" data-e-type=\"widget\" data-widget_type=\"image.default\">\n\t\t\t\t\t\t\t\t\t\t\t\t\t\t\t<img fetchpriority=\"high\" decoding=\"async\" width=\"800\" height=\"535\" src=\"https:\/\/023studio.cl\/wp-content\/uploads\/2025\/09\/About-Image-1024x685.webp\" class=\"attachment-large size-large wp-image-106\" alt=\"\" srcset=\"https:\/\/023studio.cl\/wp-content\/uploads\/2025\/09\/About-Image-1024x685.webp 1024w, https:\/\/023studio.cl\/wp-content\/uploads\/2025\/09\/About-Image-300x201.webp 300w, https:\/\/023studio.cl\/wp-content\/uploads\/2025\/09\/About-Image-768x514.webp 768w, https:\/\/023studio.cl\/wp-content\/uploads\/2025\/09\/About-Image.webp 1200w\" sizes=\"(max-width: 800px) 100vw, 800px\" \/>\t\t\t\t\t\t\t\t\t\t\t\t\t\t\t<\/div>\n\t\t\t\t<\/div>\n\t\t<div class=\"elementor-element elementor-element-2c1e0e36 e-con-full e-flex e-con e-child\" data-id=\"2c1e0e36\" data-element_type=\"container\" data-e-type=\"container\">\n\t\t\t\t<div class=\"elementor-element elementor-element-27beb2ba elementor-widget elementor-widget-heading\" data-id=\"27beb2ba\" data-element_type=\"widget\" data-e-type=\"widget\" data-widget_type=\"heading.default\">\n\t\t\t\t\t<h2 class=\"elementor-heading-title elementor-size-default\">Visi\u00f3n<\/h2>\t\t\t\t<\/div>\n\t\t\t\t<div class=\"elementor-element elementor-element-b5ae5 elementor-widget elementor-widget-text-editor\" data-id=\"b5ae5\" data-element_type=\"widget\" data-e-type=\"widget\" data-widget_type=\"text-editor.default\">\n\t\t\t\t\t\t\t\t\t<p>Convertirnos en un referente internacional, reconocidos por campa\u00f1as que marcan un hito cultural y demuestren el poder transformador del arte y la creatividad.\u00a0<\/p>\t\t\t\t\t\t\t\t<\/div>\n\t\t\t\t<\/div>\n\t\t<div class=\"elementor-element elementor-element-4d1712bb e-con-full e-flex e-con e-child\" data-id=\"4d1712bb\" data-element_type=\"container\" data-e-type=\"container\" data-settings=\"{&quot;background_background&quot;:&quot;classic&quot;}\">\n\t\t\t\t<div class=\"elementor-element elementor-element-37171272 elementor-widget elementor-widget-counter\" data-id=\"37171272\" data-element_type=\"widget\" data-e-type=\"widget\" data-widget_type=\"counter.default\">\n\t\t\t\t\t\t\t<div class=\"elementor-counter\">\n\t\t\t<div class=\"elementor-counter-title\">Impacto Digital<\/div>\t\t\t<div class=\"elementor-counter-number-wrapper\">\n\t\t\t\t<span class=\"elementor-counter-number-prefix\"><\/span>\n\t\t\t\t<span class=\"elementor-counter-number\" data-duration=\"807\" data-to-value=\"100\" data-from-value=\"0\" data-delimiter=\",\">0<\/span>\n\t\t\t\t<span class=\"elementor-counter-number-suffix\">%<\/span>\n\t\t\t<\/div>\n\t\t<\/div>\n\t\t\t\t\t\t<\/div>\n\t\t\t\t<\/div>\n\t\t\t\t\t<\/div>\n\t\t\t\t<\/div>\n\t\t<div class=\"elementor-element elementor-element-64f797e6 e-flex e-con-boxed elementor-invisible e-con e-parent\" data-id=\"64f797e6\" data-element_type=\"container\" data-e-type=\"container\" data-settings=\"{&quot;animation&quot;:&quot;fadeIn&quot;}\">\n\t\t\t\t\t<div class=\"e-con-inner\">\n\t\t<div class=\"elementor-element elementor-element-26674385 e-con-full e-flex e-con e-child\" data-id=\"26674385\" data-element_type=\"container\" data-e-type=\"container\">\n\t\t\t\t<div class=\"elementor-element elementor-element-6752b183 elementor-widget elementor-widget-image\" data-id=\"6752b183\" data-element_type=\"widget\" data-e-type=\"widget\" data-widget_type=\"image.default\">\n\t\t\t\t\t\t\t\t\t\t\t\t\t\t\t<img decoding=\"async\" width=\"800\" height=\"691\" src=\"https:\/\/023studio.cl\/wp-content\/uploads\/2025\/09\/contact-CTA-1024x884.webp\" class=\"attachment-large size-large wp-image-98\" alt=\"\" srcset=\"https:\/\/023studio.cl\/wp-content\/uploads\/2025\/09\/contact-CTA-1024x884.webp 1024w, https:\/\/023studio.cl\/wp-content\/uploads\/2025\/09\/contact-CTA-300x259.webp 300w, https:\/\/023studio.cl\/wp-content\/uploads\/2025\/09\/contact-CTA-768x663.webp 768w, https:\/\/023studio.cl\/wp-content\/uploads\/2025\/09\/contact-CTA-1536x1326.webp 1536w, https:\/\/023studio.cl\/wp-content\/uploads\/2025\/09\/contact-CTA.webp 1965w\" sizes=\"(max-width: 800px) 100vw, 800px\" \/>\t\t\t\t\t\t\t\t\t\t\t\t\t\t\t<\/div>\n\t\t\t\t<\/div>\n\t\t<div class=\"elementor-element elementor-element-13940276 e-con-full e-flex e-con e-child\" data-id=\"13940276\" data-element_type=\"container\" data-e-type=\"container\">\n\t\t\t\t<div class=\"elementor-element elementor-element-7279e18d elementor-widget elementor-widget-heading\" data-id=\"7279e18d\" data-element_type=\"widget\" data-e-type=\"widget\" data-widget_type=\"heading.default\">\n\t\t\t\t\t<h3 class=\"elementor-heading-title elementor-size-default\">Transformando Ideas en<br>Historias<\/h3>\t\t\t\t<\/div>\n\t\t\t\t<\/div>\n\t\t\t\t\t<\/div>\n\t\t\t\t<\/div>\n\t\t<div class=\"elementor-element elementor-element-144d311b e-flex e-con-boxed elementor-invisible e-con e-parent\" data-id=\"144d311b\" data-element_type=\"container\" data-e-type=\"container\" data-settings=\"{&quot;background_background&quot;:&quot;classic&quot;,&quot;animation&quot;:&quot;fadeIn&quot;}\">\n\t\t\t\t\t<div class=\"e-con-inner\">\n\t\t<div class=\"elementor-element elementor-element-63ad3a63 e-con-full e-flex e-con e-child\" data-id=\"63ad3a63\" data-element_type=\"container\" data-e-type=\"container\">\n\t\t\t\t<div class=\"elementor-element elementor-element-73fd64e3 elementor-widget elementor-widget-heading\" data-id=\"73fd64e3\" data-element_type=\"widget\" data-e-type=\"widget\" data-widget_type=\"heading.default\">\n\t\t\t\t\t<h2 class=\"elementor-heading-title elementor-size-default\">Meet Our Team<\/h2>\t\t\t\t<\/div>\n\t\t\t\t<\/div>\n\t\t<div class=\"elementor-element elementor-element-488e73eb e-con-full e-flex e-con e-child\" data-id=\"488e73eb\" data-element_type=\"container\" data-e-type=\"container\">\n\t\t\t\t<div class=\"elementor-element elementor-element-1bd0e692 elementor-position-top elementor-widget elementor-widget-image-box\" data-id=\"1bd0e692\" data-element_type=\"widget\" data-e-type=\"widget\" data-widget_type=\"image-box.default\">\n\t\t\t\t\t<div class=\"elementor-image-box-wrapper\"><figure class=\"elementor-image-box-img\"><img decoding=\"async\" width=\"834\" height=\"886\" src=\"https:\/\/023studio.cl\/wp-content\/uploads\/2025\/09\/team-4.webp\" class=\"attachment-full size-full wp-image-110\" alt=\"\" srcset=\"https:\/\/023studio.cl\/wp-content\/uploads\/2025\/09\/team-4.webp 834w, https:\/\/023studio.cl\/wp-content\/uploads\/2025\/09\/team-4-282x300.webp 282w, https:\/\/023studio.cl\/wp-content\/uploads\/2025\/09\/team-4-768x816.webp 768w\" sizes=\"(max-width: 834px) 100vw, 834px\" \/><\/figure><div class=\"elementor-image-box-content\"><h3 class=\"elementor-image-box-title\">David<br>Alvarado<\/h3><p class=\"elementor-image-box-description\">Unicorn Design<\/p><\/div><\/div>\t\t\t\t<\/div>\n\t\t\t\t<\/div>\n\t\t<div class=\"elementor-element elementor-element-1916d653 e-con-full e-flex e-con e-child\" data-id=\"1916d653\" data-element_type=\"container\" data-e-type=\"container\">\n\t\t\t\t<div class=\"elementor-element elementor-element-117880ab elementor-position-top elementor-widget elementor-widget-image-box\" data-id=\"117880ab\" data-element_type=\"widget\" data-e-type=\"widget\" data-widget_type=\"image-box.default\">\n\t\t\t\t\t<div class=\"elementor-image-box-wrapper\"><figure class=\"elementor-image-box-img\"><img loading=\"lazy\" decoding=\"async\" width=\"819\" height=\"886\" src=\"https:\/\/023studio.cl\/wp-content\/uploads\/2025\/09\/team-1.webp\" class=\"attachment-full size-full wp-image-112\" alt=\"\" srcset=\"https:\/\/023studio.cl\/wp-content\/uploads\/2025\/09\/team-1.webp 819w, https:\/\/023studio.cl\/wp-content\/uploads\/2025\/09\/team-1-277x300.webp 277w, https:\/\/023studio.cl\/wp-content\/uploads\/2025\/09\/team-1-768x831.webp 768w\" sizes=\"(max-width: 819px) 100vw, 819px\" \/><\/figure><div class=\"elementor-image-box-content\"><h3 class=\"elementor-image-box-title\">Ja Rodrigo aranda<\/h3><p class=\"elementor-image-box-description\">Director Creativo <\/p><\/div><\/div>\t\t\t\t<\/div>\n\t\t\t\t<\/div>\n\t\t<div class=\"elementor-element elementor-element-614391a7 e-con-full e-flex e-con e-child\" data-id=\"614391a7\" data-element_type=\"container\" data-e-type=\"container\">\n\t\t\t\t<div class=\"elementor-element elementor-element-4e50ef3 elementor-position-top elementor-widget elementor-widget-image-box\" data-id=\"4e50ef3\" data-element_type=\"widget\" data-e-type=\"widget\" data-widget_type=\"image-box.default\">\n\t\t\t\t\t<div class=\"elementor-image-box-wrapper\"><figure class=\"elementor-image-box-img\"><img loading=\"lazy\" decoding=\"async\" width=\"834\" height=\"886\" src=\"https:\/\/023studio.cl\/wp-content\/uploads\/2025\/09\/team-2.webp\" class=\"attachment-full size-full wp-image-108\" alt=\"\" srcset=\"https:\/\/023studio.cl\/wp-content\/uploads\/2025\/09\/team-2.webp 834w, https:\/\/023studio.cl\/wp-content\/uploads\/2025\/09\/team-2-282x300.webp 282w, https:\/\/023studio.cl\/wp-content\/uploads\/2025\/09\/team-2-768x816.webp 768w\" sizes=\"(max-width: 834px) 100vw, 834px\" \/><\/figure><div class=\"elementor-image-box-content\"><h3 class=\"elementor-image-box-title\">Pao Castellanos<\/h3><p class=\"elementor-image-box-description\">Dise\u00f1adora Gr\u00e1fica<\/p><\/div><\/div>\t\t\t\t<\/div>\n\t\t\t\t<\/div>\n\t\t<div class=\"elementor-element elementor-element-5cfd3162 e-con-full e-flex e-con e-child\" data-id=\"5cfd3162\" data-element_type=\"container\" data-e-type=\"container\">\n\t\t\t\t<div class=\"elementor-element elementor-element-5fe0d9ac elementor-position-top elementor-widget elementor-widget-image-box\" data-id=\"5fe0d9ac\" data-element_type=\"widget\" data-e-type=\"widget\" data-widget_type=\"image-box.default\">\n\t\t\t\t\t<div class=\"elementor-image-box-wrapper\"><figure class=\"elementor-image-box-img\"><img loading=\"lazy\" decoding=\"async\" width=\"834\" height=\"886\" src=\"https:\/\/023studio.cl\/wp-content\/uploads\/2025\/09\/TEAM-8.webp\" class=\"attachment-full size-full wp-image-109\" alt=\"\" srcset=\"https:\/\/023studio.cl\/wp-content\/uploads\/2025\/09\/TEAM-8.webp 834w, https:\/\/023studio.cl\/wp-content\/uploads\/2025\/09\/TEAM-8-282x300.webp 282w, https:\/\/023studio.cl\/wp-content\/uploads\/2025\/09\/TEAM-8-768x816.webp 768w\" sizes=\"(max-width: 834px) 100vw, 834px\" \/><\/figure><div class=\"elementor-image-box-content\"><h3 class=\"elementor-image-box-title\">Bianca<br>Riccomini<\/h3><p class=\"elementor-image-box-description\">Social Media Operator<\/p><\/div><\/div>\t\t\t\t<\/div>\n\t\t\t\t<\/div>\n\t\t<div class=\"elementor-element elementor-element-6b39a64a e-con-full e-flex e-con e-child\" data-id=\"6b39a64a\" data-element_type=\"container\" data-e-type=\"container\">\n\t\t\t\t<div class=\"elementor-element elementor-element-6b4b730a elementor-position-top elementor-widget elementor-widget-image-box\" data-id=\"6b4b730a\" data-element_type=\"widget\" data-e-type=\"widget\" data-widget_type=\"image-box.default\">\n\t\t\t\t\t<div class=\"elementor-image-box-wrapper\"><figure class=\"elementor-image-box-img\"><img loading=\"lazy\" decoding=\"async\" width=\"834\" height=\"886\" src=\"https:\/\/023studio.cl\/wp-content\/uploads\/2025\/09\/team-5.webp\" class=\"attachment-full size-full wp-image-111\" alt=\"\" srcset=\"https:\/\/023studio.cl\/wp-content\/uploads\/2025\/09\/team-5.webp 834w, https:\/\/023studio.cl\/wp-content\/uploads\/2025\/09\/team-5-282x300.webp 282w, https:\/\/023studio.cl\/wp-content\/uploads\/2025\/09\/team-5-768x816.webp 768w\" sizes=\"(max-width: 834px) 100vw, 834px\" \/><\/figure><div class=\"elementor-image-box-content\"><h3 class=\"elementor-image-box-title\">Cristian<br>Carrillo<\/h3><p class=\"elementor-image-box-description\">Crew Member<\/p><\/div><\/div>\t\t\t\t<\/div>\n\t\t\t\t<\/div>\n\t\t<div class=\"elementor-element elementor-element-2bea740d e-con-full e-flex e-con e-child\" data-id=\"2bea740d\" data-element_type=\"container\" data-e-type=\"container\">\n\t\t\t\t<\/div>\n\t\t\t\t\t<\/div>\n\t\t\t\t<\/div>\n\t\t\t\t<\/div>\n\t\t","protected":false},"excerpt":{"rendered":"<p>Nuestra Esencia . . . Somos un estudio creativo independiente donde la maestr\u00eda estrat\u00e9gica se fusiona con la experimentaci\u00f3n art\u00edstica. Un colectivo de visionarios que opera en la intersecci\u00f3n del arte y la tecnolog\u00eda para forjar conexiones humanas inolvidables. Proyectos Realizados x 0 Misi\u00f3n Solucionar desaf\u00edos creativos, generando contenido de vanguardia para canales digitales que [&hellip;]<\/p>\n","protected":false},"author":1,"featured_media":0,"parent":0,"menu_order":0,"comment_status":"closed","ping_status":"closed","template":"elementor_header_footer","meta":{"footnotes":""},"class_list":["post-102","page","type-page","status-publish","hentry"],"_links":{"self":[{"href":"https:\/\/023studio.cl\/index.php\/wp-json\/wp\/v2\/pages\/102","targetHints":{"allow":["GET"]}}],"collection":[{"href":"https:\/\/023studio.cl\/index.php\/wp-json\/wp\/v2\/pages"}],"about":[{"href":"https:\/\/023studio.cl\/index.php\/wp-json\/wp\/v2\/types\/page"}],"author":[{"embeddable":true,"href":"https:\/\/023studio.cl\/index.php\/wp-json\/wp\/v2\/users\/1"}],"replies":[{"embeddable":true,"href":"https:\/\/023studio.cl\/index.php\/wp-json\/wp\/v2\/comments?post=102"}],"version-history":[{"count":16,"href":"https:\/\/023studio.cl\/index.php\/wp-json\/wp\/v2\/pages\/102\/revisions"}],"predecessor-version":[{"id":316,"href":"https:\/\/023studio.cl\/index.php\/wp-json\/wp\/v2\/pages\/102\/revisions\/316"}],"wp:attachment":[{"href":"https:\/\/023studio.cl\/index.php\/wp-json\/wp\/v2\/media?parent=102"}],"curies":[{"name":"wp","href":"https:\/\/api.w.org\/{rel}","templated":true}]}}